{"id":3911,"date":"2021-12-17T15:47:39","date_gmt":"2021-12-17T14:47:39","guid":{"rendered":"https:\/\/pixelcat.se\/shop\/?post_type=product&#038;p=3911"},"modified":"2024-12-02T11:11:13","modified_gmt":"2024-12-02T10:11:13","slug":"mindfulness-bilder","status":"publish","type":"product","link":"https:\/\/pixelcat.se\/shop\/produkt\/mindfulness-bilder\/","title":{"rendered":"Mindfulness-bilder"},"content":{"rendered":"<p>Mindfulness-m\u00e5larbilder \u2013 avsedda f\u00f6r vuxna och lite st\u00f6rre barn \u2013 s\u00e4ljs blandade i 10-pack med olika teman, se urvalet.<br \/>\nBilderna \u00e4r i A4-format, tryckta p\u00e5 120 grams gl\u00e4ttat papper och l\u00e4tta att f\u00e4rgl\u00e4gga.<br \/>\nDu kan m\u00e5la med pastell-, akvarell- eller f\u00e4rgpennor, tuschpennor, finare designmarkers eller vattenf\u00e4rgspennor. \u00c4r du h\u00e4ndig och har en riktigt tunn pensel kan \u00e4ven akvarell och gouache fungera.<br \/>\n<em>(OBS! att samma motiv kan \u00e5terkomma i flera paket. Ibland byts n\u00e5gon bild i ett paket ut mot en liknande, men alltid p\u00e5 samma tema. Produktbilden \u00e4r allts\u00e5 ett exempel p\u00e5 ungef\u00e4rligt inneh\u00e5ll.)<\/em><\/p>\n","protected":false},"excerpt":{"rendered":"<p>Mindfulness-m\u00e5larbilder \u2013 avsedda f\u00f6r vuxna och lite st\u00f6rre barn \u2013 s\u00e4ljs blandade i 10-pack med olika teman, se urvalet.<br \/>\nBilderna \u00e4r i A4-format, tryckta p\u00e5 120 grams gl\u00e4ttat papper och l\u00e4tta att f\u00e4rgl\u00e4gga.<br \/>\nDu kan m\u00e5la med pastell-, akvarell- eller f\u00e4rgpennor, tuschpennor, finare designmarkers eller vattenf\u00e4rgspennor. \u00c4r du h\u00e4ndig och har en riktigt tunn pensel kan \u00e4ven akvarell och gouache fungera.<\/p>\n","protected":false},"featured_media":508,"template":"","meta":[],"product_brand":[],"product_cat":[131],"product_tag":[],"class_list":{"0":"post-3911","1":"product","2":"type-product","3":"status-publish","4":"has-post-thumbnail","6":"product_cat-konstkort-och-malarbilder","8":"first","9":"instock","10":"taxable","11":"shipping-taxable","12":"purchasable","13":"product-type-variable"},"_links":{"self":[{"href":"https:\/\/pixelcat.se\/shop\/wp-json\/wp\/v2\/product\/3911","targetHints":{"allow":["GET"]}}],"collection":[{"href":"https:\/\/pixelcat.se\/shop\/wp-json\/wp\/v2\/product"}],"about":[{"href":"https:\/\/pixelcat.se\/shop\/wp-json\/wp\/v2\/types\/product"}],"wp:featuredmedia":[{"embeddable":true,"href":"https:\/\/pixelcat.se\/shop\/wp-json\/wp\/v2\/media\/508"}],"wp:attachment":[{"href":"https:\/\/pixelcat.se\/shop\/wp-json\/wp\/v2\/media?parent=3911"}],"wp:term":[{"taxonomy":"product_brand","embeddable":true,"href":"https:\/\/pixelcat.se\/shop\/wp-json\/wp\/v2\/product_brand?post=3911"},{"taxonomy":"product_cat","embeddable":true,"href":"https:\/\/pixelcat.se\/shop\/wp-json\/wp\/v2\/product_cat?post=3911"},{"taxonomy":"product_tag","embeddable":true,"href":"https:\/\/pixelcat.se\/shop\/wp-json\/wp\/v2\/product_tag?post=3911"}],"curies":[{"name":"wp","href":"https:\/\/api.w.org\/{rel}","templated":true}]}}