{"id":3932,"date":"2021-12-22T18:01:27","date_gmt":"2021-12-22T17:01:27","guid":{"rendered":"https:\/\/pixelcat.se\/shop\/?post_type=product&#038;p=3932"},"modified":"2024-08-18T01:12:58","modified_gmt":"2024-08-17T23:12:58","slug":"dubbla-fotokort-6-pack","status":"publish","type":"product","link":"https:\/\/pixelcat.se\/shop\/produkt\/dubbla-fotokort-6-pack\/","title":{"rendered":"Dubbla fotokort, 6-pack"},"content":{"rendered":"<p>Sortiment med vackra, dubbla fotokort p\u00e5 fem olika teman. Sex olika motiv i varje bunt, tryckta p\u00e5 tjockt gl\u00e4ttat fotopapper. Storlek A6, kuvert medf\u00f6ljer.<br \/>\n(Bilder av paketens inneh\u00e5ll kommer inom kort!)<\/p>\n","protected":false},"excerpt":{"rendered":"<p>Sortiment med vackra, dubbla fotokort p\u00e5 fem olika teman. Sex olika motiv i varje bunt, tryckta p\u00e5 tjockt gl\u00e4ttat fotopapper.&hellip;<\/p>\n","protected":false},"featured_media":555,"template":"","meta":[],"product_brand":[],"product_cat":[131],"product_tag":[],"class_list":{"0":"post-3932","1":"product","2":"type-product","3":"status-publish","4":"has-post-thumbnail","6":"product_cat-konstkort-och-malarbilder","8":"first","9":"instock","10":"taxable","11":"shipping-taxable","12":"purchasable","13":"product-type-variable"},"_links":{"self":[{"href":"https:\/\/pixelcat.se\/shop\/wp-json\/wp\/v2\/product\/3932","targetHints":{"allow":["GET"]}}],"collection":[{"href":"https:\/\/pixelcat.se\/shop\/wp-json\/wp\/v2\/product"}],"about":[{"href":"https:\/\/pixelcat.se\/shop\/wp-json\/wp\/v2\/types\/product"}],"wp:featuredmedia":[{"embeddable":true,"href":"https:\/\/pixelcat.se\/shop\/wp-json\/wp\/v2\/media\/555"}],"wp:attachment":[{"href":"https:\/\/pixelcat.se\/shop\/wp-json\/wp\/v2\/media?parent=3932"}],"wp:term":[{"taxonomy":"product_brand","embeddable":true,"href":"https:\/\/pixelcat.se\/shop\/wp-json\/wp\/v2\/product_brand?post=3932"},{"taxonomy":"product_cat","embeddable":true,"href":"https:\/\/pixelcat.se\/shop\/wp-json\/wp\/v2\/product_cat?post=3932"},{"taxonomy":"product_tag","embeddable":true,"href":"https:\/\/pixelcat.se\/shop\/wp-json\/wp\/v2\/product_tag?post=3932"}],"curies":[{"name":"wp","href":"https:\/\/api.w.org\/{rel}","templated":true}]}}